{"id":92,"date":"2018-02-26T21:27:51","date_gmt":"2018-02-26T20:27:51","guid":{"rendered":"http:\/\/www.je-logistics.at\/?page_id=92"},"modified":"2018-02-27T01:39:52","modified_gmt":"2018-02-27T00:39:52","slug":"start","status":"publish","type":"page","link":"https:\/\/www.je-logistics.at\/?page_id=92","title":{"rendered":"Start"},"content":{"rendered":"<p style=\"text-align: center;\"><span style=\"color: #000080;\"><strong>WILLKOMMEN BEI JE LOGISTICS &#8211; IHR LOGISTIK PARTNER<\/strong><\/span><\/p>\n<p style=\"text-align: center;\">Wir bei <strong>JE LOGISTICS<\/strong> stehen gerne mit unseren Angeboten und Dienstleistungen zur Seite<br \/>\nund sehen uns als <strong>ONE STOP SHOP<\/strong> f\u00fcr Ihre Anliegen.<\/p>\n<p style=\"text-align: center;\">In unserem Unternehmen verfolgen wir die Idee von <strong>INDUSTRIE 4.0<\/strong>.<br \/>\nDas bedeutet, wir setzen uns mit aller Kraft an die Entwicklung von echtzeitf\u00e4higen L\u00f6sungen<br \/>\nzwischen Produktion, Logistik und Endverbraucher. Die Entwicklung der Verkn\u00fcpfung von Informations- und<br \/>\nKommunikationstechnologie mit Produzenten, Dienstleistern und Endabnehmern wird zunehmend<br \/>\nf\u00fcr alle von gr\u00f6\u00dferer Bedeutung sein. Nur wenn wir gemeinsam nachhaltig sinnvolle<br \/>\nund \u00f6kologische L\u00f6sungen f\u00fcr unsere Transportketten und Netzwerke finden, k\u00f6nnen wir<br \/>\nden Verkehr reduzieren und gemeinsam in eine sichere Zukunft gehen.<\/p>\n<p style=\"text-align: center;\">Das k\u00f6nnen wir nur miteinander umsetzen, indem wir beginnen unsere M\u00f6glichkeiten<br \/>\nund Ressourcen zu einem Ganzen hin zu entwickeln, um dadurch rascher abrufbare L\u00f6sungsm\u00f6glichkeiten anzubieten.<\/p>\n","protected":false},"excerpt":{"rendered":"<p>WILLKOMMEN BEI JE LOGISTICS &#8211; IHR LOGISTIK PARTNER Wir bei JE LOGISTICS stehen gerne mit unseren Angeboten und Dienstleistungen zur Seite und sehen uns als ONE STOP SHOP f\u00fcr Ihre Anliegen. In unserem Unternehmen verfolgen wir die Idee von INDUSTRIE 4.0. Das bedeutet, wir setzen uns mit aller Kraft an die Entwicklung von echtzeitf\u00e4higen L\u00f6sungen [&hellip;]<\/p>\n","protected":false},"author":1,"featured_media":0,"parent":0,"menu_order":0,"comment_status":"closed","ping_status":"closed","template":"","meta":{"footnotes":""},"class_list":["post-92","page","type-page","status-publish","hentry"],"_links":{"self":[{"href":"https:\/\/www.je-logistics.at\/index.php?rest_route=\/wp\/v2\/pages\/92","targetHints":{"allow":["GET"]}}],"collection":[{"href":"https:\/\/www.je-logistics.at\/index.php?rest_route=\/wp\/v2\/pages"}],"about":[{"href":"https:\/\/www.je-logistics.at\/index.php?rest_route=\/wp\/v2\/types\/page"}],"author":[{"embeddable":true,"href":"https:\/\/www.je-logistics.at\/index.php?rest_route=\/wp\/v2\/users\/1"}],"replies":[{"embeddable":true,"href":"https:\/\/www.je-logistics.at\/index.php?rest_route=%2Fwp%2Fv2%2Fcomments&post=92"}],"version-history":[{"count":16,"href":"https:\/\/www.je-logistics.at\/index.php?rest_route=\/wp\/v2\/pages\/92\/revisions"}],"predecessor-version":[{"id":204,"href":"https:\/\/www.je-logistics.at\/index.php?rest_route=\/wp\/v2\/pages\/92\/revisions\/204"}],"wp:attachment":[{"href":"https:\/\/www.je-logistics.at\/index.php?rest_route=%2Fwp%2Fv2%2Fmedia&parent=92"}],"curies":[{"name":"wp","href":"https:\/\/api.w.org\/{rel}","templated":true}]}}